{"id":7429,"date":"2024-04-15T09:13:35","date_gmt":"2024-04-15T12:13:35","guid":{"rendered":"https:\/\/vilavicentinasm.org.br\/site\/?page_id=7429"},"modified":"2024-04-18T14:17:23","modified_gmt":"2024-04-18T17:17:23","slug":"sobre-nos","status":"publish","type":"page","link":"https:\/\/vilavicentinasm.org.br\/site\/sobre-nos\/","title":{"rendered":"Sobre N\u00f3s"},"content":{"rendered":"<p>[et_pb_section fb_built=&#8221;1&#8243; admin_label=&#8221;Stats&#8221; _builder_version=&#8221;4.23.1&#8243; _module_preset=&#8221;default&#8221; background_color=&#8221;#fffaf5&#8243; background_enable_image=&#8221;off&#8221; custom_padding=&#8221;70px|||||&#8221; global_colors_info=&#8221;{}&#8221;][et_pb_row column_structure=&#8221;1_2,1_2&#8243; _builder_version=&#8221;4.23.1&#8243; _module_preset=&#8221;default&#8221; global_colors_info=&#8221;{}&#8221;][et_pb_column type=&#8221;1_2&#8243; _builder_version=&#8221;4.16&#8243; _module_preset=&#8221;default&#8221; transform_rotate=&#8221;0deg|0deg|-10deg&#8221; overflow-x=&#8221;visible&#8221; overflow-y=&#8221;visible&#8221; border_radii=&#8221;on|100%|100%|100%|100%&#8221; border_width_all=&#8221;4px&#8221; border_color_all=&#8221;#FF6734&#8243; global_colors_info=&#8221;{}&#8221;][et_pb_image src=&#8221;https:\/\/vilavicentinasm.org.br\/site\/wp-content\/uploads\/2024\/04\/site_vilavicentina_destaque_01.jpg&#8221; title_text=&#8221;site_vilavicentina_destaque_01&#8243; _builder_version=&#8221;4.23.1&#8243; _module_preset=&#8221;default&#8221; transform_scale_tablet=&#8221;&#8221; transform_scale_phone=&#8221;&#8221; transform_scale_last_edited=&#8221;on|phone&#8221; transform_translate=&#8221;-40px|-40px&#8221; transform_translate_tablet=&#8221;-20px|-20px&#8221; transform_translate_phone=&#8221;-20px|-20px&#8221; transform_translate_last_edited=&#8221;on|phone&#8221; transform_translate_linked=&#8221;off&#8221; transform_rotate_tablet=&#8221;&#8221; transform_rotate_phone=&#8221;&#8221; transform_rotate_last_edited=&#8221;on|phone&#8221; transform_skew_tablet=&#8221;&#8221; transform_skew_phone=&#8221;&#8221; transform_skew_last_edited=&#8221;on|phone&#8221; transform_origin_tablet=&#8221;&#8221; transform_origin_phone=&#8221;&#8221; transform_origin_last_edited=&#8221;on|phone&#8221; transform_styles_last_edited=&#8221;on|phone&#8221; min_height=&#8221;308.8px&#8221; custom_margin=&#8221;70px|||||&#8221; mix_blend_mode=&#8221;difference&#8221; transform_styles_tablet=&#8221;&#8221; transform_styles_phone=&#8221;&#8221; border_radii=&#8221;on|100%|100%|100%|100%&#8221; global_colors_info=&#8221;{}&#8221;][\/et_pb_image][\/et_pb_column][et_pb_column type=&#8221;1_2&#8243; _builder_version=&#8221;4.23.1&#8243; _module_preset=&#8221;default&#8221; overflow-x=&#8221;visible&#8221; overflow-y=&#8221;visible&#8221; border_color_all=&#8221;#FF6734&#8243; global_colors_info=&#8221;{}&#8221;][et_pb_text _builder_version=&#8221;4.23.1&#8243; _module_preset=&#8221;b6cb9bd8-0fbd-4699-b58d-51b3d480db23&#8243; header_2_font=&#8221;Poppins|600|||||||&#8221; header_2_text_color=&#8221;#000763&#8243; header_2_font_size=&#8221;52px&#8221; header_2_line_height=&#8221;1.3em&#8221; custom_margin=&#8221;||10px||false|false&#8221; header_2_font_size_tablet=&#8221;32px&#8221; header_2_font_size_phone=&#8221;20px&#8221; header_2_font_size_last_edited=&#8221;on|tablet&#8221; header_2_line_height_tablet=&#8221;1.4em&#8221; header_2_line_height_phone=&#8221;1.6em&#8221; header_2_line_height_last_edited=&#8221;on|tablet&#8221; global_colors_info=&#8221;{}&#8221;]<\/p>\n<h2>Sobre n\u00f3s<\/h2>\n<p>[\/et_pb_text][et_pb_text _builder_version=&#8221;4.23.1&#8243; _module_preset=&#8221;f0cf31b9-b2e7-4752-a57c-6e2f73347b36&#8243; text_font=&#8221;Poppins||||||||&#8221; text_text_color=&#8221;#4F5168&#8243; text_font_size=&#8221;16px&#8221; text_line_height=&#8221;1.8em&#8221; text_orientation=&#8221;justified&#8221; module_alignment=&#8221;right&#8221; text_font_size_tablet=&#8221;15px&#8221; text_font_size_phone=&#8221;14px&#8221; text_font_size_last_edited=&#8221;on|phone&#8221; header_font_size_tablet=&#8221;55px&#8221; header_font_size_last_edited=&#8221;off|desktop&#8221; global_colors_info=&#8221;{}&#8221;]<\/p>\n<p>A Vila Vicentina Obra Unida \u00e0 Sociedade S\u00e3o Vicente de Paulo &#8211; SSVP, fundada no munic\u00edpio de S\u00e3o Manuel em 11\/03\/1943 \u00e9 uma associa\u00e7\u00e3o civil de direito privado, filantr\u00f3pica, beneficente, para fins n\u00e3o econ\u00f4micos e de assist\u00eancia social.<br \/>\u00c9 organizada e constitu\u00edda por um n\u00famero limitado de associados, denominados vicentinos, confrades e consorcias que ingressam voluntariamente na SSVP no Brasil, atrav\u00e9s de uma de suas confer\u00eancias e que estejam nas seguintes condi\u00e7\u00f5es: membros da diretora da Vila Vicentina; membros da diretoria do Conselho Central a que est\u00e1 vinculada e presidentes dos Conselhos Particulares vinculados ao Conselho Central respectivo.<\/p>\n<p>[\/et_pb_text][\/et_pb_column][\/et_pb_row][et_pb_row _builder_version=&#8221;4.23.1&#8243; _module_preset=&#8221;default&#8221; global_colors_info=&#8221;{}&#8221;][et_pb_column type=&#8221;4_4&#8243; _builder_version=&#8221;4.23.1&#8243; _module_preset=&#8221;default&#8221; global_colors_info=&#8221;{}&#8221;][et_pb_text _builder_version=&#8221;4.23.1&#8243; _module_preset=&#8221;f0cf31b9-b2e7-4752-a57c-6e2f73347b36&#8243; text_font=&#8221;Poppins||||||||&#8221; text_text_color=&#8221;#4F5168&#8243; text_font_size=&#8221;16px&#8221; text_line_height=&#8221;1.8em&#8221; text_orientation=&#8221;justified&#8221; module_alignment=&#8221;right&#8221; custom_margin=&#8221;15px|||||&#8221; text_font_size_tablet=&#8221;15px&#8221; text_font_size_phone=&#8221;14px&#8221; text_font_size_last_edited=&#8221;on|phone&#8221; header_font_size_tablet=&#8221;55px&#8221; header_font_size_last_edited=&#8221;off|desktop&#8221; global_colors_info=&#8221;{}&#8221;]<\/p>\n<p>A Vila Vicentina durante longo per\u00edodo prestou atendimento \u00e0s fam\u00edlias sem condi\u00e7\u00f5es de moradia, em situa\u00e7\u00e3o de vulnerabilidade social e risco pessoal, oferecendo acolhimento em modalidade residencial. Em 2012 houve a altera\u00e7\u00e3o da modalidade de atendimento, utilizando-se do antigo local de acolhimento residencial para a implanta\u00e7\u00e3o de um novo servi\u00e7o \u2013 O Servi\u00e7o de Conviv\u00eancia e Fortalecimento de V\u00ednculos \u201cSemeando Novos Caminhos\u201d.<\/p>\n<p>ATUA\u00c7\u00c3O<\/p>\n<p>O Servi\u00e7o de Conviv\u00eancia e Fortalecimento de V\u00ednculos \u00e9 da Prote\u00e7\u00e3o Social B\u00e1sica, ligado \u00e0 Pol\u00edtica Nacional de Assist\u00eancia Social e atende 75 crian\u00e7as e adolescentes com idades entre 06 e 15 anos, em situa\u00e7\u00e3o de risco e vulnerabilidade social, de ambos os sexos. S\u00e3o divididos entre os per\u00edodos da manh\u00e3 e da tarde, em per\u00edodo oposto ao escolar. O objetivo desse servi\u00e7o \u00e9 possibilitar a\u00e7\u00f5es de fortalecimento de v\u00ednculos familiares e sociais que favore\u00e7am o conv\u00edvio de crian\u00e7as e adolescentes, o desenvolvimento da sociabilidade e a preven\u00e7\u00e3o de situa\u00e7\u00f5es de risco social e pessoal.<\/p>\n<p>A popula\u00e7\u00e3o atendida em nosso servi\u00e7o \u00e9 da \u00e1rea central do munic\u00edpio de S\u00e3o Manuel, chegando a abranger 34 bairros, por isso \u00e9 um servi\u00e7o grande relev\u00e2ncia, pois leva atendimento de qualidade, com uma proposta pautada em princ\u00edpios norteadores que buscam a forma\u00e7\u00e3o cidad\u00e3 e emancipadora.<\/p>\n<p>\u00c9 oferecido atendimento di\u00e1rio para as crian\u00e7as e adolescentes, de segunda \u00e0 sexta-feira, das 7h30min \u00e0s 11h30min, das 12h30min \u00e0s 16h30min e das 14h30 \u00e0s 16h30 para os adolescentes que estudam em per\u00edodo integral.<\/p>\n<p>O servi\u00e7o possui porta de entrada para demanda espont\u00e2nea (as fam\u00edlias que necessitam desse servi\u00e7o, pode procurar diretamente \u00e0 Vila Vicentina), mas tamb\u00e9m recebe muitos encaminhamentos da rede socioassistencial (Conselho Tutelar, Diretoria de Promo\u00e7\u00e3o Social, Sa\u00fade e Educa\u00e7\u00e3o, Promotoria e F\u00f3rum, entre outros) assim, mantem se efetivo trabalho em rede, inclusive no que tange ao acompanhamento em conjunto das fam\u00edlias, crian\u00e7as e adolescentes atendidas.<\/p>\n<p>\u00c9 oferecido duas refei\u00e7\u00f5es (lanche e almo\u00e7o) para as crian\u00e7as que permanecem 4h e 1 refei\u00e7\u00e3o (lanche) para os adolescentes que permanecem 2h no servi\u00e7o<\/p>\n<p>As atividades s\u00e3o desenvolvidas em grupos organizados, e utilizamos a oficinas como mecanismo de abordagem de tem\u00e1ticas espec\u00edficas, com o desenvolvimento de atividades socioassist\u00eanciais, l\u00fadicas e recreativas junto \u00e0s crian\u00e7as e adolescentes. Complementando o trabalho realizado com as crian\u00e7as e adolescentes, realizamos tamb\u00e9m atividades com as m\u00e3es, pais e respons\u00e1veis.<\/p>\n<p>[\/et_pb_text][\/et_pb_column][\/et_pb_row][\/et_pb_section][et_pb_section fb_built=&#8221;1&#8243; admin_label=&#8221;Feature&#8221; _builder_version=&#8221;4.16&#8243; _module_preset=&#8221;default&#8221; custom_padding=&#8221;55px||74px|||&#8221; global_colors_info=&#8221;{}&#8221;][et_pb_row module_id=&#8221;instalacoes&#8221; _builder_version=&#8221;4.23.1&#8243; _module_preset=&#8221;default&#8221; global_colors_info=&#8221;{}&#8221;][et_pb_column type=&#8221;4_4&#8243; _builder_version=&#8221;4.23.1&#8243; _module_preset=&#8221;default&#8221; global_colors_info=&#8221;{}&#8221;][et_pb_text _builder_version=&#8221;4.23.1&#8243; _module_preset=&#8221;b6cb9bd8-0fbd-4699-b58d-51b3d480db23&#8243; header_2_font=&#8221;Poppins|600|||||||&#8221; header_2_text_color=&#8221;#000763&#8243; header_2_font_size=&#8221;52px&#8221; header_2_line_height=&#8221;1.3em&#8221; custom_margin=&#8221;||10px||false|false&#8221; header_2_font_size_tablet=&#8221;32px&#8221; header_2_font_size_phone=&#8221;20px&#8221; header_2_font_size_last_edited=&#8221;on|tablet&#8221; header_2_line_height_tablet=&#8221;1.4em&#8221; header_2_line_height_phone=&#8221;1.6em&#8221; header_2_line_height_last_edited=&#8221;on|tablet&#8221; global_colors_info=&#8221;{}&#8221;]<\/p>\n<h2>Nossas Instala\u00e7\u00f5es<\/h2>\n<p>[\/et_pb_text][\/et_pb_column][\/et_pb_row][et_pb_row column_structure=&#8221;1_2,1_2&#8243; _builder_version=&#8221;4.23.1&#8243; _module_preset=&#8221;default&#8221; global_colors_info=&#8221;{}&#8221;][et_pb_column type=&#8221;1_2&#8243; _builder_version=&#8221;4.23.1&#8243; _module_preset=&#8221;default&#8221; global_colors_info=&#8221;{}&#8221;][et_pb_code _builder_version=&#8221;4.23.1&#8243; _module_preset=&#8221;default&#8221; hover_enabled=&#8221;0&#8243; global_colors_info=&#8221;{}&#8221; sticky_enabled=&#8221;0&#8243;]<iframe src=\"https:\/\/www.google.com\/maps\/embed?pb=!1m14!1m8!1m3!1d14718.96849201301!2d-48.5711688!3d-22.7378244!3m2!1i1024!2i768!4f13.1!3m3!1m2!1s0x94c7306e7e48db67%3A0x7c208f2824c27093!2sVila%20Vicentina!5e0!3m2!1spt-BR!2sbr!4v1713184777255!5m2!1spt-BR!2sbr\" width=\"600\" height=\"450\" style=\"border:0;\" allowfullscreen=\"\" loading=\"lazy\" referrerpolicy=\"no-referrer-when-downgrade\"><\/iframe>[\/et_pb_code][\/et_pb_column][et_pb_column type=&#8221;1_2&#8243; _builder_version=&#8221;4.23.1&#8243; _module_preset=&#8221;default&#8221; global_colors_info=&#8221;{}&#8221;][et_pb_text _builder_version=&#8221;4.23.1&#8243; _module_preset=&#8221;f0cf31b9-b2e7-4752-a57c-6e2f73347b36&#8243; text_font=&#8221;Poppins||||||||&#8221; text_text_color=&#8221;#4F5168&#8243; text_font_size=&#8221;16px&#8221; text_line_height=&#8221;1.8em&#8221; text_orientation=&#8221;justified&#8221; module_alignment=&#8221;right&#8221; text_font_size_tablet=&#8221;15px&#8221; text_font_size_phone=&#8221;14px&#8221; text_font_size_last_edited=&#8221;on|phone&#8221; header_font_size_tablet=&#8221;55px&#8221; header_font_size_last_edited=&#8221;off|desktop&#8221; global_colors_info=&#8221;{}&#8221;]<\/p>\n<p>Avenida Jos\u00e9 Hor\u00e1cio Mell\u00e3o, 104<br \/>Jardim Santo Ant\u00f4nio<br \/>S\u00e3o Manuel\/SP<br \/>CEP 18654-000<\/p>\n<p>[\/et_pb_text][\/et_pb_column][\/et_pb_row][et_pb_row _builder_version=&#8221;4.23.1&#8243; _module_preset=&#8221;default&#8221; global_colors_info=&#8221;{}&#8221;][et_pb_column type=&#8221;4_4&#8243; _builder_version=&#8221;4.23.1&#8243; _module_preset=&#8221;default&#8221; global_colors_info=&#8221;{}&#8221;][et_pb_divider _builder_version=&#8221;4.23.1&#8243; _module_preset=&#8221;default&#8221; custom_margin=&#8221;43px|||||&#8221; global_colors_info=&#8221;{}&#8221;][\/et_pb_divider][\/et_pb_column][\/et_pb_row][et_pb_row module_id=&#8221;diretoria&#8221; _builder_version=&#8221;4.23.1&#8243; _module_preset=&#8221;default&#8221; global_colors_info=&#8221;{}&#8221;][et_pb_column type=&#8221;4_4&#8243; _builder_version=&#8221;4.23.1&#8243; _module_preset=&#8221;default&#8221; global_colors_info=&#8221;{}&#8221;][et_pb_text _builder_version=&#8221;4.23.1&#8243; _module_preset=&#8221;b6cb9bd8-0fbd-4699-b58d-51b3d480db23&#8243; header_2_font=&#8221;Poppins|600|||||||&#8221; header_2_text_color=&#8221;#000763&#8243; header_2_font_size=&#8221;52px&#8221; header_2_line_height=&#8221;1.3em&#8221; custom_margin=&#8221;||10px||false|false&#8221; header_2_font_size_tablet=&#8221;32px&#8221; header_2_font_size_phone=&#8221;20px&#8221; header_2_font_size_last_edited=&#8221;on|tablet&#8221; header_2_line_height_tablet=&#8221;1.4em&#8221; header_2_line_height_phone=&#8221;1.6em&#8221; header_2_line_height_last_edited=&#8221;on|tablet&#8221; global_colors_info=&#8221;{}&#8221;]<\/p>\n<h2>Diretoria<\/h2>\n<p>[\/et_pb_text][et_pb_text _builder_version=&#8221;4.23.1&#8243; _module_preset=&#8221;f0cf31b9-b2e7-4752-a57c-6e2f73347b36&#8243; text_font=&#8221;Poppins||||||||&#8221; text_text_color=&#8221;#4F5168&#8243; text_font_size=&#8221;16px&#8221; text_line_height=&#8221;1.8em&#8221; text_orientation=&#8221;justified&#8221; module_alignment=&#8221;right&#8221; custom_margin=&#8221;-18px|||||&#8221; text_font_size_tablet=&#8221;15px&#8221; text_font_size_phone=&#8221;14px&#8221; text_font_size_last_edited=&#8221;on|phone&#8221; header_font_size_tablet=&#8221;55px&#8221; header_font_size_last_edited=&#8221;off|desktop&#8221; global_colors_info=&#8221;{}&#8221;]<\/p>\n<p>Mesa diretora 2024<\/p>\n<p>[\/et_pb_text][\/et_pb_column][\/et_pb_row][et_pb_row column_structure=&#8221;1_4,1_4,1_4,1_4&#8243; _builder_version=&#8221;4.23.1&#8243; _module_preset=&#8221;default&#8221; global_colors_info=&#8221;{}&#8221;][et_pb_column type=&#8221;1_4&#8243; _builder_version=&#8221;4.23.1&#8243; _module_preset=&#8221;default&#8221; global_colors_info=&#8221;{}&#8221;][et_pb_team_member name=&#8221;Wilma L\u00e1zara de Moraes Luches&#8221; position=&#8221;Presidente&#8221; _builder_version=&#8221;4.23.1&#8243; _module_preset=&#8221;default&#8221; header_font=&#8221;Akshar||||||||&#8221; header_font_size=&#8221;25px&#8221; position_font=&#8221;Akshar||||||||&#8221; position_font_size=&#8221;18px&#8221; hover_enabled=&#8221;0&#8243; border_radii=&#8221;on|10px|10px|10px|10px&#8221; global_colors_info=&#8221;{}&#8221; sticky_enabled=&#8221;0&#8243;][\/et_pb_team_member][\/et_pb_column][et_pb_column type=&#8221;1_4&#8243; _builder_version=&#8221;4.23.1&#8243; _module_preset=&#8221;default&#8221; global_colors_info=&#8221;{}&#8221;][et_pb_team_member name=&#8221;Vera Lucia de Almeida Nicolini &#8221; position=&#8221;Vice-Presidente&#8221; _builder_version=&#8221;4.23.1&#8243; _module_preset=&#8221;default&#8221; header_font=&#8221;Akshar||||||||&#8221; header_font_size=&#8221;25px&#8221; position_font=&#8221;Akshar||||||||&#8221; position_font_size=&#8221;18px&#8221; hover_enabled=&#8221;0&#8243; border_radii=&#8221;on|10px|10px|10px|10px&#8221; global_colors_info=&#8221;{}&#8221; sticky_enabled=&#8221;0&#8243;][\/et_pb_team_member][\/et_pb_column][et_pb_column type=&#8221;1_4&#8243; _builder_version=&#8221;4.23.1&#8243; _module_preset=&#8221;default&#8221; global_colors_info=&#8221;{}&#8221;][et_pb_team_member name=&#8221;Silvia Regina Sim\u00f5es Torres da Silva&#8221; position=&#8221;Secret\u00e1ria&#8221; _builder_version=&#8221;4.23.1&#8243; _module_preset=&#8221;default&#8221; header_font=&#8221;Akshar||||||||&#8221; header_font_size=&#8221;25px&#8221; position_font=&#8221;Akshar||||||||&#8221; position_font_size=&#8221;18px&#8221; hover_enabled=&#8221;0&#8243; border_radii=&#8221;on|10px|10px|10px|10px&#8221; global_colors_info=&#8221;{}&#8221; sticky_enabled=&#8221;0&#8243;][\/et_pb_team_member][\/et_pb_column][et_pb_column type=&#8221;1_4&#8243; _builder_version=&#8221;4.23.1&#8243; _module_preset=&#8221;default&#8221; global_colors_info=&#8221;{}&#8221;][et_pb_team_member name=&#8221;Lusiana Divina de Castilho Sganzella&#8221; position=&#8221;Tesoureira&#8221; _builder_version=&#8221;4.23.1&#8243; _module_preset=&#8221;default&#8221; header_font=&#8221;Akshar||||||||&#8221; header_font_size=&#8221;25px&#8221; position_font=&#8221;Akshar||||||||&#8221; position_font_size=&#8221;18px&#8221; hover_enabled=&#8221;0&#8243; border_radii=&#8221;on|10px|10px|10px|10px&#8221; global_colors_info=&#8221;{}&#8221; sticky_enabled=&#8221;0&#8243;][\/et_pb_team_member][\/et_pb_column][\/et_pb_row][et_pb_row _builder_version=&#8221;4.23.1&#8243; _module_preset=&#8221;default&#8221; global_colors_info=&#8221;{}&#8221;][et_pb_column type=&#8221;4_4&#8243; _builder_version=&#8221;4.23.1&#8243; _module_preset=&#8221;default&#8221; global_colors_info=&#8221;{}&#8221;][et_pb_divider _builder_version=&#8221;4.23.1&#8243; _module_preset=&#8221;default&#8221; custom_margin=&#8221;43px|||||&#8221; global_colors_info=&#8221;{}&#8221;][\/et_pb_divider][\/et_pb_column][\/et_pb_row][\/et_pb_section][et_pb_section fb_built=&#8221;1&#8243; admin_label=&#8221;Call to Action&#8221; _builder_version=&#8221;4.16&#8243; _module_preset=&#8221;default&#8221; background_color=&#8221;#FF6734&#8243; background_enable_image=&#8221;off&#8221; global_module=&#8221;7432&#8243; saved_tabs=&#8221;all&#8221; global_colors_info=&#8221;{}&#8221;][et_pb_row _builder_version=&#8221;4.16&#8243; _module_preset=&#8221;default&#8221; global_colors_info=&#8221;{}&#8221;][et_pb_column type=&#8221;4_4&#8243; _builder_version=&#8221;4.16&#8243; _module_preset=&#8221;default&#8221; global_colors_info=&#8221;{}&#8221;][et_pb_text _builder_version=&#8221;4.23.1&#8243; _module_preset=&#8221;b6cb9bd8-0fbd-4699-b58d-51b3d480db23&#8243; header_2_font=&#8221;Poppins|600|||||||&#8221; header_2_text_color=&#8221;#FFFFFF&#8221; header_2_font_size=&#8221;52px&#8221; header_2_line_height=&#8221;1.3em&#8221; text_orientation=&#8221;center&#8221; custom_margin=&#8221;||10px||false|false&#8221; header_2_font_size_tablet=&#8221;32px&#8221; header_2_font_size_phone=&#8221;20px&#8221; header_2_font_size_last_edited=&#8221;on|tablet&#8221; header_2_line_height_tablet=&#8221;1.4em&#8221; header_2_line_height_phone=&#8221;1.6em&#8221; header_2_line_height_last_edited=&#8221;on|tablet&#8221; global_colors_info=&#8221;{}&#8221;]<\/p>\n<h2>Quer contribuir?<\/h2>\n<p>[\/et_pb_text][et_pb_text _builder_version=&#8221;4.23.1&#8243; _module_preset=&#8221;f0cf31b9-b2e7-4752-a57c-6e2f73347b36&#8243; text_font=&#8221;Poppins||||||||&#8221; text_text_color=&#8221;#FFFFFF&#8221; text_font_size=&#8221;16px&#8221; text_line_height=&#8221;1.8em&#8221; text_orientation=&#8221;center&#8221; text_font_size_tablet=&#8221;15px&#8221; text_font_size_phone=&#8221;14px&#8221; text_font_size_last_edited=&#8221;on|phone&#8221; header_font_size_tablet=&#8221;55px&#8221; header_font_size_last_edited=&#8221;off|desktop&#8221; locked=&#8221;off&#8221; global_colors_info=&#8221;{}&#8221;]<\/p>\n<p>Voc\u00ea pode ajudar nossa causa realizando uma doa\u00e7\u00e3o em um dos nossos canais, clique no bot\u00e3o abaixo e saiba mais!<\/p>\n<p>[\/et_pb_text][et_pb_button button_text=&#8221;Fazer uma Doa\u00e7\u00e3o!&#8221; button_alignment=&#8221;center&#8221; _builder_version=&#8221;4.23.1&#8243; _module_preset=&#8221;default&#8221; custom_button=&#8221;on&#8221; button_text_size=&#8221;16px&#8221; button_text_color=&#8221;#FF6734&#8243; button_bg_color=&#8221;#FFFFFF&#8221; button_border_width=&#8221;0px&#8221; button_border_radius=&#8221;50px&#8221; button_font=&#8221;Poppins|600|||||||&#8221; button_icon=&#8221;&#x24;||divi||400&#8243; custom_padding=&#8221;16px|40px|16px|40px|true|true&#8221; global_colors_info=&#8221;{}&#8221;][\/et_pb_button][\/et_pb_column][\/et_pb_row][\/et_pb_section]<\/p>\n","protected":false},"excerpt":{"rendered":"<p>Sobre n\u00f3sA Vila Vicentina Obra Unida \u00e0 Sociedade S\u00e3o Vicente de Paulo &#8211; SSVP, fundada no munic\u00edpio de S\u00e3o Manuel em 11\/03\/1943 \u00e9 uma associa\u00e7\u00e3o civil de direito privado, filantr\u00f3pica, beneficente, para fins n\u00e3o econ\u00f4micos e de assist\u00eancia social.\u00c9 organizada e constitu\u00edda por um n\u00famero limitado de associados, denominados vicentinos, confrades e consorcias que ingressam [&hellip;]<\/p>\n","protected":false},"author":1,"featured_media":0,"parent":0,"menu_order":0,"comment_status":"closed","ping_status":"closed","template":"","meta":{"_et_pb_use_builder":"on","_et_pb_old_content":"","_et_gb_content_width":"","footnotes":""},"_links":{"self":[{"href":"https:\/\/vilavicentinasm.org.br\/site\/wp-json\/wp\/v2\/pages\/7429"}],"collection":[{"href":"https:\/\/vilavicentinasm.org.br\/site\/wp-json\/wp\/v2\/pages"}],"about":[{"href":"https:\/\/vilavicentinasm.org.br\/site\/wp-json\/wp\/v2\/types\/page"}],"author":[{"embeddable":true,"href":"https:\/\/vilavicentinasm.org.br\/site\/wp-json\/wp\/v2\/users\/1"}],"replies":[{"embeddable":true,"href":"https:\/\/vilavicentinasm.org.br\/site\/wp-json\/wp\/v2\/comments?post=7429"}],"version-history":[{"count":6,"href":"https:\/\/vilavicentinasm.org.br\/site\/wp-json\/wp\/v2\/pages\/7429\/revisions"}],"predecessor-version":[{"id":7550,"href":"https:\/\/vilavicentinasm.org.br\/site\/wp-json\/wp\/v2\/pages\/7429\/revisions\/7550"}],"wp:attachment":[{"href":"https:\/\/vilavicentinasm.org.br\/site\/wp-json\/wp\/v2\/media?parent=7429"}],"curies":[{"name":"wp","href":"https:\/\/api.w.org\/{rel}","templated":true}]}}