{"id":7505,"date":"2024-04-15T12:04:56","date_gmt":"2024-04-15T15:04:56","guid":{"rendered":"https:\/\/vilavicentinasm.org.br\/site\/?page_id=7505"},"modified":"2024-04-19T13:33:34","modified_gmt":"2024-04-19T16:33:34","slug":"envolva-se","status":"publish","type":"page","link":"https:\/\/vilavicentinasm.org.br\/site\/envolva-se\/","title":{"rendered":"Envolva-se!"},"content":{"rendered":"<p>[et_pb_section fb_built=&#8221;1&#8243; _builder_version=&#8221;4.16&#8243; global_colors_info=&#8221;{}&#8221;][et_pb_row _builder_version=&#8221;4.16&#8243; background_size=&#8221;initial&#8221; background_position=&#8221;top_left&#8221; background_repeat=&#8221;repeat&#8221; global_colors_info=&#8221;{}&#8221;][et_pb_column type=&#8221;4_4&#8243; _builder_version=&#8221;4.16&#8243; custom_padding=&#8221;|||&#8221; global_colors_info=&#8221;{}&#8221; custom_padding__hover=&#8221;|||&#8221;][et_pb_heading title=&#8221;Envolva-se!&#8221; _builder_version=&#8221;4.23.1&#8243; _module_preset=&#8221;default&#8221; title_font=&#8221;Akshar||||||||&#8221; title_text_color=&#8221;#0C71C3&#8243; title_font_size=&#8221;39px&#8221; global_colors_info=&#8221;{}&#8221;][\/et_pb_heading][et_pb_text _builder_version=&#8221;4.23.1&#8243; background_size=&#8221;initial&#8221; background_position=&#8221;top_left&#8221; background_repeat=&#8221;repeat&#8221; global_colors_info=&#8221;{}&#8221;]<\/p>\n<p>Fa\u00e7a parte da mudan\u00e7a! Junte-se a n\u00f3s na Vila Vicentina e fa\u00e7a a diferen\u00e7a na vida de crian\u00e7as e adolescentes. Sua doa\u00e7\u00e3o ou voluntariado pode transformar hist\u00f3rias, oferecer oportunidades e criar um futuro brilhante para quem mais precisa. Venha fazer parte deste movimento de amor e solidariedade. Juntos, podemos construir um mundo melhor para as gera\u00e7\u00f5es futuras. Seja a mudan\u00e7a que voc\u00ea quer ver no mundo. Participe agora!<\/p>\n<p>&nbsp;<\/p>\n<p>[\/et_pb_text][\/et_pb_column][\/et_pb_row][et_pb_row column_structure=&#8221;1_2,1_2&#8243; _builder_version=&#8221;4.23.1&#8243; _module_preset=&#8221;default&#8221; global_colors_info=&#8221;{}&#8221;][et_pb_column type=&#8221;1_2&#8243; _builder_version=&#8221;4.23.1&#8243; _module_preset=&#8221;default&#8221; global_colors_info=&#8221;{}&#8221;][et_pb_heading title=&#8221;Como Doar?&#8221; _builder_version=&#8221;4.23.1&#8243; _module_preset=&#8221;default&#8221; title_font=&#8221;Akshar||||||||&#8221; title_text_color=&#8221;#0C71C3&#8243; title_font_size=&#8221;39px&#8221; global_colors_info=&#8221;{}&#8221;][\/et_pb_heading][\/et_pb_column][et_pb_column type=&#8221;1_2&#8243; _builder_version=&#8221;4.23.1&#8243; _module_preset=&#8221;default&#8221; global_colors_info=&#8221;{}&#8221;][\/et_pb_column][\/et_pb_row][et_pb_row column_structure=&#8221;1_2,1_2&#8243; _builder_version=&#8221;4.23.1&#8243; _module_preset=&#8221;default&#8221; global_colors_info=&#8221;{}&#8221;][et_pb_column type=&#8221;1_2&#8243; _builder_version=&#8221;4.23.1&#8243; _module_preset=&#8221;default&#8221; global_colors_info=&#8221;{}&#8221;][et_pb_image src=&#8221;https:\/\/vilavicentinasm.org.br\/site\/wp-content\/uploads\/2024\/04\/site_vilavicentina_pix.png&#8221; title_text=&#8221;site_vilavicentina_pix&#8221; _builder_version=&#8221;4.23.1&#8243; _module_preset=&#8221;default&#8221; global_colors_info=&#8221;{}&#8221;][\/et_pb_image][et_pb_text _builder_version=&#8221;4.23.1&#8243; _module_preset=&#8221;default&#8221; text_font=&#8221;|700|||||||&#8221; text_font_size=&#8221;23px&#8221; hover_enabled=&#8221;0&#8243; sticky_enabled=&#8221;0&#8243;]<\/p>\n<p style=\"text-align: center;\">PIX (CNPJ) : 60.334.315\/0001-05<\/p>\n<p>[\/et_pb_text][\/et_pb_column][et_pb_column type=&#8221;1_2&#8243; _builder_version=&#8221;4.23.1&#8243; _module_preset=&#8221;default&#8221; global_colors_info=&#8221;{}&#8221;][et_pb_image src=&#8221;https:\/\/vilavicentinasm.org.br\/site\/wp-content\/uploads\/2024\/04\/site_vilavicentina_bb-1.png&#8221; title_text=&#8221;site_vilavicentina_bb&#8221; _builder_version=&#8221;4.23.1&#8243; _module_preset=&#8221;default&#8221; hover_enabled=&#8221;0&#8243; global_colors_info=&#8221;{}&#8221; sticky_enabled=&#8221;0&#8243;][\/et_pb_image][et_pb_text _builder_version=&#8221;4.23.1&#8243; _module_preset=&#8221;default&#8221; text_font=&#8221;|700|||||||&#8221; text_font_size=&#8221;23px&#8221; hover_enabled=&#8221;0&#8243; sticky_enabled=&#8221;0&#8243;]<\/p>\n<p style=\"text-align: center;\">BANCO SANTANDER<br \/>C\/C 130013416\u00a0<br \/>AG. 0122<\/p>\n<p>[\/et_pb_text][\/et_pb_column][\/et_pb_row][et_pb_row _builder_version=&#8221;4.16&#8243; background_size=&#8221;initial&#8221; background_position=&#8221;top_left&#8221; background_repeat=&#8221;repeat&#8221; global_colors_info=&#8221;{}&#8221;][et_pb_column type=&#8221;4_4&#8243; _builder_version=&#8221;4.16&#8243; custom_padding=&#8221;|||&#8221; global_colors_info=&#8221;{}&#8221; custom_padding__hover=&#8221;|||&#8221;][et_pb_heading title=&#8221;Informa\u00e7\u00f5es:&#8221; _builder_version=&#8221;4.23.1&#8243; _module_preset=&#8221;default&#8221; title_font=&#8221;Akshar||||||||&#8221; title_text_align=&#8221;center&#8221; title_text_color=&#8221;#0C71C3&#8243; title_font_size=&#8221;39px&#8221; module_alignment=&#8221;center&#8221; custom_margin=&#8221;39px|||||&#8221; global_colors_info=&#8221;{}&#8221;][\/et_pb_heading][et_pb_text _builder_version=&#8221;4.23.1&#8243; background_size=&#8221;initial&#8221; background_position=&#8221;top_left&#8221; background_repeat=&#8221;repeat&#8221; text_orientation=&#8221;center&#8221; global_colors_info=&#8221;{}&#8221;]<\/p>\n<p>Telefone (14) 3842-2974<br \/>Whatsapp (14) 99769-9825<\/p>\n<p><strong>E-Mail:<\/strong><br \/>semeandonovoscaminhos@gmail.com<\/p>\n<p>&nbsp;<\/p>\n<p>[\/et_pb_text][\/et_pb_column][\/et_pb_row][\/et_pb_section]<\/p>\n","protected":false},"excerpt":{"rendered":"<p>Fa\u00e7a parte da mudan\u00e7a! Junte-se a n\u00f3s na Vila Vicentina e fa\u00e7a a diferen\u00e7a na vida de crian\u00e7as e adolescentes. Sua doa\u00e7\u00e3o ou voluntariado pode transformar hist\u00f3rias, oferecer oportunidades e criar um futuro brilhante para quem mais precisa. Venha fazer parte deste movimento de amor e solidariedade. Juntos, podemos construir um mundo melhor para as [&hellip;]<\/p>\n","protected":false},"author":1,"featured_media":0,"parent":0,"menu_order":0,"comment_status":"closed","ping_status":"closed","template":"","meta":{"_et_pb_use_builder":"on","_et_pb_old_content":"<p>Lorem Ipsum \u00e9 simplesmente uma simula\u00e7\u00e3o de texto da ind\u00fastria tipogr\u00e1fica e de impressos, e vem sendo utilizado desde o s\u00e9culo XVI, quando um impressor desconhecido pegou uma bandeja de tipos e os embaralhou para fazer um livro de modelos de tipos. Lorem Ipsum sobreviveu n\u00e3o s\u00f3 a cinco s\u00e9culos, como tamb\u00e9m ao salto para a editora\u00e7\u00e3o eletr\u00f4nica, permanecendo essencialmente inalterado. Se popularizou na d\u00e9cada de 60, quando a Letraset lan\u00e7ou decalques contendo passagens de Lorem Ipsum, e mais recentemente quando passou a ser integrado a softwares de editora\u00e7\u00e3o eletr\u00f4nica como Aldus PageMaker.<\/p><p>\u00a0<\/p>","_et_gb_content_width":"","footnotes":""},"_links":{"self":[{"href":"https:\/\/vilavicentinasm.org.br\/site\/wp-json\/wp\/v2\/pages\/7505"}],"collection":[{"href":"https:\/\/vilavicentinasm.org.br\/site\/wp-json\/wp\/v2\/pages"}],"about":[{"href":"https:\/\/vilavicentinasm.org.br\/site\/wp-json\/wp\/v2\/types\/page"}],"author":[{"embeddable":true,"href":"https:\/\/vilavicentinasm.org.br\/site\/wp-json\/wp\/v2\/users\/1"}],"replies":[{"embeddable":true,"href":"https:\/\/vilavicentinasm.org.br\/site\/wp-json\/wp\/v2\/comments?post=7505"}],"version-history":[{"count":4,"href":"https:\/\/vilavicentinasm.org.br\/site\/wp-json\/wp\/v2\/pages\/7505\/revisions"}],"predecessor-version":[{"id":7673,"href":"https:\/\/vilavicentinasm.org.br\/site\/wp-json\/wp\/v2\/pages\/7505\/revisions\/7673"}],"wp:attachment":[{"href":"https:\/\/vilavicentinasm.org.br\/site\/wp-json\/wp\/v2\/media?parent=7505"}],"curies":[{"name":"wp","href":"https:\/\/api.w.org\/{rel}","templated":true}]}}